{"id":1599,"date":"2025-03-17T11:23:47","date_gmt":"2025-03-17T11:23:47","guid":{"rendered":"https:\/\/ciaotable.org\/disconoscimento\/"},"modified":"2025-03-17T11:23:47","modified_gmt":"2025-03-17T11:23:47","slug":"disconoscimento","status":"publish","type":"page","link":"https:\/\/ciaotable.org\/de\/disconoscimento\/","title":{"rendered":"Verleugnung"},"content":{"rendered":"<!-- Legal document generated by Complianz | GDPR\/CCPA Cookie Consent https:\/\/wordpress.org\/plugins\/complianz-gdpr -->\n<div id=\"cmplz-document\" class=\"cmplz-document disclaimer cmplz-document-all\"><p>Piera Serra ist bestrebt, diese Website auf dem neuesten Stand und korrekt zu halten. Sollten Sie dennoch auf falsche oder veraltete Informationen sto\u00dfen, w\u00e4ren wir Ihnen dankbar, wenn Sie uns dies mitteilen k\u00f6nnten. Bitte geben Sie an, wo auf der Website Sie die Informationen gelesen haben. Wir werden uns dann so schnell wie m\u00f6glich darum k\u00fcmmern. Bitte senden Sie Ihre Antwort per E-Mail an: <span class=\"cmplz-obfuscate\">info@<span class=\"cmplz-fmail-domain\">ex&#046;&#099;om<\/span>&#099;i&#097;ota&#098;le.org<\/span>.<\/p><p>Wir haften weder f\u00fcr Sch\u00e4den infolge von Ungenauigkeiten oder Unvollst\u00e4ndigkeiten noch f\u00fcr Sch\u00e4den aufgrund von Problemen, die durch die Verbreitung von Informationen \u00fcber das Internet verursacht werden oder damit verbunden sind, wie z. B. St\u00f6rungen oder Unterbrechungen. Bei der Verwendung von Webformularen bem\u00fchen wir uns, die Zahl der erforderlichen Felder auf ein Minimum zu beschr\u00e4nken. F\u00fcr Sch\u00e4den, die durch die Nutzung von Daten, Ratschl\u00e4gen oder Ideen entstehen, die von oder im Namen von Piera Serra \u00fcber diese Website bereitgestellt werden, \u00fcbernimmt Piera Serra keine Haftung.<\/p><p>Alle personenbezogenen Daten, die Sie uns im Rahmen Ihrer Antwort oder Ihrer Informationsanfrage zur Verf\u00fcgung stellen, werden ausschlie\u00dflich in \u00dcbereinstimmung mit unserer Datenschutzerkl\u00e4rung verwendet.<\/p><p>Piera Serra unternimmt alle angemessenen Anstrengungen, um seine Systeme gegen jede Form der unrechtm\u00e4\u00dfigen Nutzung zu sch\u00fctzen. Piera Serra ergreift zu diesem Zweck angemessene technische und organisatorische Ma\u00dfnahmen, die unter anderem dem Stand der Technik Rechnung tragen. Piera Serra haftet jedoch nicht f\u00fcr unmittelbare und\/oder mittelbare Sch\u00e4den, die einem Nutzer der Website durch die unrechtm\u00e4\u00dfige Nutzung seiner Systeme durch einen Dritten entstehen.<\/p><p>Piera Serra \u00fcbernimmt keine Verantwortung f\u00fcr den Inhalt von Websites, auf die oder von denen ein Hyperlink oder ein sonstiger Hinweis erfolgt. Produkte oder Dienstleistungen, die von Dritten angeboten werden, unterliegen den geltenden Bedingungen dieser Dritten.<\/p><p>Alle geistigen Eigentumsrechte an den Inhalten dieser Website liegen bei Piera Serra.<\/p><p>Die Vervielf\u00e4ltigung, Verbreitung und sonstige Nutzung dieser Materialien ist ohne die schriftliche Zustimmung von Piera Serra nicht gestattet, es sei denn, zwingende gesetzliche Vorschriften (z.B. Zitatrecht) sehen etwas anderes vor oder der konkrete Inhalt erfordert etwas anderes.<\/p><p>Sollten Sie Fragen oder Probleme mit der Zug\u00e4nglichkeit der Website haben, z\u00f6gern Sie bitte nicht, uns zu kontaktieren.<\/p><\/div>","protected":false},"excerpt":{"rendered":"","protected":false},"author":2,"featured_media":0,"parent":0,"menu_order":0,"comment_status":"closed","ping_status":"closed","template":"","meta":{"_acf_changed":false,"_et_pb_use_builder":"","_et_pb_old_content":"","_et_gb_content_width":"","footnotes":""},"class_list":["post-1599","page","type-page","status-publish","hentry"],"acf":[],"_links":{"self":[{"href":"https:\/\/ciaotable.org\/de\/wp-json\/wp\/v2\/pages\/1599","targetHints":{"allow":["GET"]}}],"collection":[{"href":"https:\/\/ciaotable.org\/de\/wp-json\/wp\/v2\/pages"}],"about":[{"href":"https:\/\/ciaotable.org\/de\/wp-json\/wp\/v2\/types\/page"}],"author":[{"embeddable":true,"href":"https:\/\/ciaotable.org\/de\/wp-json\/wp\/v2\/users\/2"}],"replies":[{"embeddable":true,"href":"https:\/\/ciaotable.org\/de\/wp-json\/wp\/v2\/comments?post=1599"}],"version-history":[{"count":0,"href":"https:\/\/ciaotable.org\/de\/wp-json\/wp\/v2\/pages\/1599\/revisions"}],"wp:attachment":[{"href":"https:\/\/ciaotable.org\/de\/wp-json\/wp\/v2\/media?parent=1599"}],"curies":[{"name":"wordpress","href":"https:\/\/api.w.org\/{rel}","templated":true}]}}