{"id":818,"date":"2024-10-27T16:12:30","date_gmt":"2024-10-27T16:12:30","guid":{"rendered":"https:\/\/ciaotable.org\/?page_id=818"},"modified":"2024-10-27T16:12:30","modified_gmt":"2024-10-27T16:12:30","slug":"dichiarazione-sulla-protezione-dei-dati","status":"publish","type":"page","link":"https:\/\/ciaotable.org\/de\/dichiarazione-sulla-protezione-dei-dati\/","title":{"rendered":"Dichiarazione sulla protezione dei dati"},"content":{"rendered":"<p>[et_pb_section fb_built=&#8221;1&#8243; _builder_version=&#8221;4.27.0&#8243; _module_preset=&#8221;default&#8221; global_colors_info=&#8221;{}&#8221; theme_builder_area=&#8221;post_content&#8221;][et_pb_row _builder_version=&#8221;4.27.2&#8243; _module_preset=&#8221;default&#8221; theme_builder_area=&#8221;post_content&#8221;][et_pb_column _builder_version=&#8221;4.27.2&#8243; _module_preset=&#8221;default&#8221; type=&#8221;4_4&#8243; theme_builder_area=&#8221;post_content&#8221;][et_pb_text _builder_version=&#8221;4.27.2&#8243; _module_preset=&#8221;default&#8221; theme_builder_area=&#8221;post_content&#8221; hover_enabled=&#8221;0&#8243; sticky_enabled=&#8221;0&#8243;]<\/p>\n<p><strong>Dichiarazione sulla protezione dati <em>Ciao Table<\/em><\/strong><\/p>\n<p><strong>\u00a0<\/strong><\/p>\n<p>Ultimo aggiornamento: 16.10.2024<\/p>\n<p>&nbsp;<\/p>\n<p><strong>1) Premessa<\/strong><\/p>\n<p><strong><em>Ciao Table<\/em><\/strong> ha a cuore la vostra privacy. In qualit\u00e0 di titolare del trattamento, tratta i vostri dati personali in conformit\u00e0 alle disposizioni della nuova Legge federale sulla protezione dei dati (nLPD) e dell\u2019Ordinanza sulla protezione dei dati (OPDa), come di volta in volta modificato.<\/p>\n<p>Nella presente Dichiarazione sulla protezione dei dati, spieghiamo come utilizziamo i dati personali che raccogliamo, le finalit\u00e0 e le nostre misure a protezione dei dati.<\/p>\n<p><strong>(1.1) Sicurezza e protezione dei dati personali<\/strong><\/p>\n<p>Per garantire la massima protezione dei dati personali raccolti, adottiamo rigorose misure di sicurezza sia di natura tecnologica che organizzativa. Tutti i dati vengono conservati in ambienti protetti da sistemi di sicurezza avanzati, quali firewall, crittografia e controlli d&#8217;accesso limitati. Ci impegniamo a proteggere i dati personali dei nostri utenti con la massima diligenza e a adottare ogni misura necessaria per prevenire accessi non autorizzati, divulgazioni indebite o qualsiasi altro uso improprio dei dati.<\/p>\n<p><strong>(1.2) Base legale<\/strong><\/p>\n<p>Il trattamento dei dati personali da parte di <strong><em>Ciao Table<\/em><\/strong> si basa sul consenso degli interessati, sull\u2019esigenza di adempiere a obblighi legali o sui nostri interessi legittimi, nel pieno rispetto dei diritti dei soggetti coinvolti.<\/p>\n<p><strong>(1.3) Cosa copre questa dichiarazione<\/strong><\/p>\n<p>Con il presente documento vi spieghiamo nel dettaglio come la nostra organizzazione gestisce il trattamento dei dati personali. L\u2019informativa si applica alle seguenti attivit\u00e0 di trattamento dati:<\/p>\n<ul>\n<li>Utenti del sito web<\/li>\n<li>Invio di Newsletter<\/li>\n<li>Social Media<\/li>\n<li>Richieste via e-mail e per telefono<\/li>\n<li>Partecipazione a eventi<\/li>\n<li>Donazioni<\/li>\n<li>Volontari-e<\/li>\n<\/ul>\n<p><strong>(1.4) Contatto titolare dati<\/strong><\/p>\n<p><strong><em>Ciao Table, <\/em><\/strong><em>V. Massagno 32, CH-6900 Lugano<\/em><\/p>\n<p><em>Tel. +41919210985<\/em><\/p>\n<p><em>\u00a0<\/em><\/p>\n<p><strong>2) Utenti del servizio web<\/strong><\/p>\n<p>I fornitori di servizi sui quali ci appoggiamo utilizzano dei cookie. Prima che i cookie vengano installati sul dispositivo che state utilizzando, verr\u00e0 visualizzata la nostra informativa sui cookie, con la richiesta del vostro consenso all&#8217;impostazione di tali cookie.<\/p>\n<p>Dando il vostro consenso all&#8217;inserimento dei cookie ci consentite di fornirvi la migliore esperienza e il miglior servizio possibile. Se lo desiderate, potete negare il vostro consenso all&#8217;inserimento dei cookie; tuttavia, alcune funzioni di questo sito web potrebbero non funzionare completamente o come previsto.<\/p>\n<p>Quando si accede alla pagina web della nostra organizzazione, le informazioni di navigazione -indirizzo IP, tipo di dispositivo, sistema operativo, browser utilizzato, lingua preferita, data e ora di accesso, pagine visitate e tempo trascorso sul sito &#8211; vengono inviate automaticamente ai server del provider di web hosting Ionos in Stati Uniti e Germania dal browser del dispositivo del visitatore. Queste sono elaborate e memorizzate in un file di log. \u00c8 possibile consultare ulteriori informazioni sul tipo, l&#8217;entit\u00e0 e lo scopo del trattamento dei dati da parte di Ionos visitando le seguenti pagine: <a href=\"https:\/\/www.ionos.com\/cookies\">https:\/\/www.ionos.com\/cookies<\/a>, https:\/\/cloud.ionos.com\/<\/p>\n<p>Se visualizzate il nostro sito web, raccogliamo i seguenti dati, tecnicamente necessari per mostrarvi il nostro sito web e per garantire la stabilit\u00e0 e la sicurezza:<\/p>\n<ul>\n<li>Indirizzo IP<\/li>\n<li>Data e ora della richiesta<\/li>\n<li>Differenza di fuso orario rispetto all&#8217;ora di Greenwich (GMT)<\/li>\n<li>Contenuto della richiesta (pagina specifica)<\/li>\n<li>Stato di accesso\/Codice di stato HTTP<\/li>\n<li>Quantit\u00e0 di dati trasferiti in ciascun caso<\/li>\n<\/ul>\n<p>I dati personali sono trattati dal servizio di web hosting per fornire il sito web dell\u2019organizzazione al visitatore sul suo browser, nonch\u00e9 per poter analizzare eventuali errori tecnici al fine di aumentare la sicurezza delle informazioni.<\/p>\n<p>&nbsp;<\/p>\n<p><strong>3) Iscrizione alla newsletter<\/strong><\/p>\n<p>Gli utenti possono iscriversi gratuitamente alla nostra newsletter per ricevere informazioni, aggiornamenti e contenuti correlati alle attivit\u00e0 di <strong><em>Ciao Table.<\/em><\/strong> Con l&#8217;iscrizione alla newsletter, i dati forniti nel formulario di registrazione vengono trasmessi a <strong><em>Ciao Table<\/em><\/strong> per il trattamento dei dati per questa finalit\u00e0 specifica. Non vengono memorizzati altri dati oltre a quelli richiesti per l&#8217;invio della newsletter.<\/p>\n<p>L&#8217;utente acconsente al trattamento dei propri dati per l&#8217;invio della newsletter, facendo riferimento alla presente dichiarazione sulla protezione dei dati.<\/p>\n<p>Per gestire la newsletter, utilizziamo Intuit Mailchimp, un servizio di una societ\u00e0 statunitense. A tale scopo,c i dati dell&#8217;utente potrebbero essere trasferiti e trattati al di fuori della Svizzera. \u00c8 possibile consultare ulteriori informazioni sul tipo, l&#8217;entit\u00e0 e lo scopo del trattamento dei dati da parte di Mailchimp visitando le seguenti pagine:<\/p>\n<ul>\n<li>&#8220;Mailchimp e esportazione dei dati dall\u2019Europa&#8221; (Mailchimp and European Data Transfers): <a href=\"https:\/\/mailchimp.com\/en-gb\/help\/mailchimp-european-data-transfers\/\">https:\/\/mailchimp.com\/en-gb\/help\/mailchimp-european-data-transfers\/<\/a><\/li>\n<li>Dichiarazione sulla protezione dei dati di Mailchimp (Global Privacy Statement): <a href=\"https:\/\/www.intuit.com\/privacy\/statement\/\">https:\/\/www.intuit.com\/privacy\/statement\/<\/a><\/li>\n<li>Addendum per il trattamento dei dati provenienti dall\u2019Europa di Mailchimp (Data Processing Addendum): <a href=\"https:\/\/mailchimp.com\/en-gb\/legal\/data-processing-addendum\/\">https:\/\/mailchimp.com\/en-gb\/legal\/data-processing-addendum\/<\/a><\/li>\n<li>Direttiva sui cookie di Mailchimp (Cookie Statement): <a href=\"https:\/\/mailchimp.com\/legal\/cookies\/\">https:\/\/mailchimp.com\/legal\/cookies\/<\/a><\/li>\n<\/ul>\n<p>L&#8217;utente ha il diritto di annullare l&#8217;iscrizione alla newsletter in qualsiasi momento. Per farlo, pu\u00f2 utilizzare il link fornito nella newsletter o comunicarcelo tramite e-mail.<\/p>\n<p><em>\u00a0<\/em><\/p>\n<p><strong>4) Utilizzo di link esterni e plugin di social media<\/strong><\/p>\n<p>Il nostro sito potrebbe contenere collegamenti a siti web esterni o plugin di social media (es. Facebook, Instagram, LinkedIn). Ti informiamo che <strong><em>Ciao Table<\/em><\/strong> non \u00e8 responsabile per le politiche di protezione dei dati o i contenuti di tali siti esterni. Ti consigliamo di consultare le rispettive informative sulla privacy quando visiti questi siti.<\/p>\n<p><strong>5) Richieste via e-mail e per telefono<\/strong><\/p>\n<p>Se ci contattate attraverso un&#8217;e-mail, possiamo raccogliere il vostro nome, il vostro indirizzo e-mail e qualsiasi altra informazione che decidiate di fornirci.<\/p>\n<p>I dati che ci fornite attraverso le richieste di contatto saranno conservati da noi fino a quando non saranno pi\u00f9 utili per il nostro lavoro e verranno cancellati, o sceglierete di richiederne la cancellazione, revocare il consenso alla loro conservazione o finch\u00e9 lo scopo iniziale della raccolta dati non sar\u00e0 pi\u00f9 valido (ad esempio, dopo il completamento dell&#8217;elaborazione della vostra richiesta).<\/p>\n<p>Se ci contattate e otteniamo i vostri dati personali dalla vostra e-mail, possiamo utilizzarli come segue:<\/p>\n<ul>\n<li>per rispondere alla vostra e-mail e<\/li>\n<li>per rispondere a qualsiasi altra richiesta che ci presentate.<\/li>\n<\/ul>\n<p><em><strong>6) Registrazione e partecipazione agli eventi organizzati da Ciao Table.<\/strong><\/em><\/p>\n<p>La partecipazione all\u2019evento richiede l\u2019inserimento e la registrazione di dati personali quali: nome e cognome, indirizzo e-mail, organizzazione, numero di telefono e indirizzo fisico. Al momento della registrazione, i dati immessi nel formulario vengono trasmessi a <strong><em>Ciao Table.<\/em><\/strong><\/p>\n<p>I dati raccolti durante l\u2019iscrizione e il pagamento non vengono trasmessi a terzi e vengono conservati fintanto che gli scopi collegati alla gestione dell\u2019evento rispettivamente della gestione contabile dell\u2019azienda lo richiedono.<\/p>\n<p>Qualsiasi fotografia e\/o filmato in relazione agli eventi puo\u0300 essere utilizzato e pubblicato da <strong><em>Ciao Table<\/em><\/strong> e dai suoi affiliati, sia internamente che esternamente, per scopi di pubbliche relazioni (materiale stampato cosi\u0300 come contenuti online) e puo\u0300 essere distribuito a terzi, ai media in generale e agli uffici stampa.<\/p>\n<p>Coloro che non volessero apparire su fotografie o filmati dell\u2019evento sono tenuti a richiederlo per iscritto a ciaotable@protonmail.com entro i cinque giorni precedenti l\u2019evento. Se l\u2019iscrizione dovesse pervenire nei cinque giorni precedenti l\u2019evento, gli organizzatori non potranno assicurare che tale misura venga rispettata e messa in atto.<\/p>\n<p><strong>7) Donazioni<\/strong><\/p>\n<p>Quando effettuate una donazione, i dati personali forniti saranno trattati con la massima cura e riservatezza, conformemente alle normative vigenti sulla protezione dei dati personali. Questo include, il vostro nome, indirizzo e-mail, indirizzo fisico e dettagli della transazione. I vostri dati verranno utilizzati esclusivamente per gestire la donazione e comunicare con voi in relazione alle nostre attivit\u00e0. Non divulghiamo, vendiamo o condividiamo le vostre informazioni con terze parti il vostro esplicito consenso, a meno che non sia richiesto per legge o per scopi amministrativi interni.<\/p>\n<p>&nbsp;<\/p>\n<p><strong>8) Volontari-e<\/strong><\/p>\n<p>Come volontari-e di <strong><em>Ciao Table<\/em><\/strong>, apprezziamo il vostro impegno e ci impegniamo a proteggere la vostra privacy e i dati personali condivisi con noi. I dati personali che ci fornite, come nome, indirizzo e-mail e numero di telefono, sono trattati nel pieno rispetto delle norme sulla protezione dei dati. Questi dati vengono utilizzati per mantenervi informati sulle attivit\u00e0 dell&#8217;organizzazione, invitarvi a eventi e per la gestione amministrativa della vostra associazione. Assicuriamo che le vostre informazioni non vengano condivise con terze parti senza il vostro consenso, salvo quanto richiesto per legge o per necessit\u00e0 interne.<\/p>\n<p><strong>9) I nostri diritti<\/strong><\/p>\n<p>Se il trattamento dei dati personali si basa sul consenso, l&#8217;utente ha il diritto di revocarlo in qualsiasi momento. La revoca del consenso non pregiudica la liceit\u00e0 del trattamento basato sul consenso prima della sua revoca. Avete il diritto di ricevere in qualsiasi momento informazioni sui vostri dati memorizzati o di richiedere la cancellazione dei vostri dati per il futuro. I dati che siamo obbligati a conservare per motivi legali non possono essere cancellati immediatamente.<\/p>\n<p>In qualit\u00e0 di persona interessata, avete i seguenti diritti ai sensi della nLPD:<\/p>\n<ul>\n<li>il diritto di essere informati sulla nostra raccolta e sull&#8217;uso dei dati personali;<\/li>\n<li>il diritto di accesso ai dati personali in nostro possesso;<\/li>\n<li>il diritto di rettifica nel caso in cui i dati personali in nostro possesso siano inesatti o incompleti;<\/li>\n<li>il diritto all\u2019oblio, cio\u00e8 il diritto di chiedere la cancellazione dei dati personali in nostro possesso, a meno che non sussista una base legale per la conservazione dei dati o vi sia un obbligo previsto dalla legge;<\/li>\n<li>il diritto di limitare (cio\u00e8 impedire) il trattamento dei vostri dati personali in determinate circostanze a meno che non vi sia un interesse legittimo prevalente o un obbligo legale;<\/li>\n<li>il diritto alla consegna o alla trasmissione dei dati personali a terzi;<\/li>\n<\/ul>\n<p>&nbsp;<\/p>\n<p>In caso di reclamo sull&#8217;utilizzo dei vostri dati personali da parte nostra, vi preghiamo di contattarci utilizzando i dettagli forniti e faremo del nostro meglio per risolvere il problema. Ci impegniamo a rispondere alle vostre richieste con tempestivit\u00e0 e trasparenza.<\/p>\n<p><em>\u00a0<\/em><\/p>\n<p>[\/et_pb_text][\/et_pb_column][\/et_pb_row][\/et_pb_section][et_pb_section fb_built=&#8221;1&#8243; _builder_version=&#8221;4.27.0&#8243; _module_preset=&#8221;default&#8221; background_color=&#8221;#f37111&#8243; min_height=&#8221;50px&#8221; height=&#8221;50px&#8221; custom_padding=&#8221;||0px|||&#8221; global_colors_info=&#8221;{}&#8221; theme_builder_area=&#8221;post_content&#8221;][et_pb_row _builder_version=&#8221;4.27.0&#8243; _module_preset=&#8221;default&#8221; global_colors_info=&#8221;{}&#8221; theme_builder_area=&#8221;post_content&#8221;][et_pb_column type=&#8221;4_4&#8243; _builder_version=&#8221;4.27.0&#8243; _module_preset=&#8221;default&#8221; global_colors_info=&#8221;{}&#8221; theme_builder_area=&#8221;post_content&#8221;][\/et_pb_column][\/et_pb_row][\/et_pb_section]<\/p>\n","protected":false},"excerpt":{"rendered":"<p>Dichiarazione sulla protezione dati Ciao Table \u00a0 Ultimo aggiornamento: 16.10.2024 &nbsp; 1) Premessa Ciao Table ha a cuore la vostra privacy. In qualit\u00e0 di titolare del trattamento, tratta i vostri dati personali in conformit\u00e0 alle disposizioni della nuova Legge federale sulla protezione dei dati (nLPD) e dell\u2019Ordinanza sulla protezione dei dati (OPDa), come di volta [&hellip;]<\/p>\n","protected":false},"author":1,"featured_media":0,"parent":0,"menu_order":0,"comment_status":"closed","ping_status":"closed","template":"","meta":{"_acf_changed":false,"_et_pb_use_builder":"on","_et_pb_old_content":"","_et_gb_content_width":"","footnotes":""},"class_list":["post-818","page","type-page","status-publish","hentry"],"acf":[],"_links":{"self":[{"href":"https:\/\/ciaotable.org\/de\/wp-json\/wp\/v2\/pages\/818","targetHints":{"allow":["GET"]}}],"collection":[{"href":"https:\/\/ciaotable.org\/de\/wp-json\/wp\/v2\/pages"}],"about":[{"href":"https:\/\/ciaotable.org\/de\/wp-json\/wp\/v2\/types\/page"}],"author":[{"embeddable":true,"href":"https:\/\/ciaotable.org\/de\/wp-json\/wp\/v2\/users\/1"}],"replies":[{"embeddable":true,"href":"https:\/\/ciaotable.org\/de\/wp-json\/wp\/v2\/comments?post=818"}],"version-history":[{"count":2,"href":"https:\/\/ciaotable.org\/de\/wp-json\/wp\/v2\/pages\/818\/revisions"}],"predecessor-version":[{"id":821,"href":"https:\/\/ciaotable.org\/de\/wp-json\/wp\/v2\/pages\/818\/revisions\/821"}],"wp:attachment":[{"href":"https:\/\/ciaotable.org\/de\/wp-json\/wp\/v2\/media?parent=818"}],"curies":[{"name":"wordpress","href":"https:\/\/api.w.org\/{rel}","templated":true}]}}