{"id":1125,"date":"2025-01-15T21:08:41","date_gmt":"2025-01-15T21:08:41","guid":{"rendered":"https:\/\/ciaotable.org\/?page_id=1125"},"modified":"2025-12-05T06:49:13","modified_gmt":"2025-12-05T05:49:13","slug":"progetti-elaborati-2","status":"publish","type":"page","link":"https:\/\/ciaotable.org\/fr\/progetti-elaborati-2\/","title":{"rendered":"Projets \u00e9labor\u00e9s"},"content":{"rendered":"<p>[et_pb_section fb_built=&#8221;1&#8243; _builder_version=&#8221;4.27.4&#8243; _module_preset=&#8221;default&#8221; background_color=&#8221;#aaa527&#8243; custom_padding=&#8221;48px||||false|false&#8221; hover_enabled=&#8221;0&#8243; da_disable_devices=&#8221;off|off|off&#8221; global_colors_info=&#8221;{}&#8221; sticky_enabled=&#8221;0&#8243; da_is_popup=&#8221;off&#8221; da_exit_intent=&#8221;off&#8221; da_has_close=&#8221;on&#8221; da_alt_close=&#8221;off&#8221; da_dark_close=&#8221;off&#8221; da_not_modal=&#8221;on&#8221; da_is_singular=&#8221;off&#8221; da_with_loader=&#8221;off&#8221; da_has_shadow=&#8221;on&#8221;][et_pb_row _builder_version=&#8221;4.27.4&#8243; _module_preset=&#8221;default&#8221; width=&#8221;50%&#8221; custom_padding=&#8221;0px|||||&#8221; global_colors_info=&#8221;{}&#8221;][et_pb_column type=&#8221;4_4&#8243; _builder_version=&#8221;4.27.4&#8243; _module_preset=&#8221;default&#8221; global_colors_info=&#8221;{}&#8221;][et_pb_text _builder_version=&#8221;4.27.4&#8243; _module_preset=&#8221;default&#8221; text_font=&#8221;&#8211;et_global_body_font|700|||||||&#8221; text_text_color=&#8221;#FFFFFF&#8221; text_font_size=&#8221;40px&#8221; text_line_height=&#8221;1.2em&#8221; header_font=&#8221;&#8211;et_global_body_font|600|||||||&#8221; header_text_color=&#8221;#FFFFFF&#8221; text_orientation=&#8221;center&#8221; module_alignment=&#8221;center&#8221; custom_padding=&#8221;||10px||false|false&#8221; text_font_size_tablet=&#8221;34px&#8221; text_font_size_phone=&#8221;22px&#8221; text_font_size_last_edited=&#8221;on|phone&#8221; header_font_size_tablet=&#8221;&#8221; header_font_size_phone=&#8221;28px&#8221; header_font_size_last_edited=&#8221;on|phone&#8221; locked=&#8221;off&#8221; global_colors_info=&#8221;{}&#8221;]<\/p>\n<p><img loading=\"lazy\" decoding=\"async\" src=\"https:\/\/ciaotable.org\/wp-content\/uploads\/2025\/01\/MARCHIO_BIANCO_cropped-269x300.png\" width=\"119\" height=\"132\" alt=\"\" class=\"wp-image-1172 alignnone size-medium\" srcset=\"https:\/\/ciaotable.org\/wp-content\/uploads\/2025\/01\/MARCHIO_BIANCO_cropped-269x300.png 269w, https:\/\/ciaotable.org\/wp-content\/uploads\/2025\/01\/MARCHIO_BIANCO_cropped.png 310w\" sizes=\"(max-width: 119px) 100vw, 119px\" \/><\/p>\n<p>Progetti Elaborati<\/p>\n<p>[\/et_pb_text][\/et_pb_column][\/et_pb_row][et_pb_row _builder_version=&#8221;4.27.4&#8243; _module_preset=&#8221;default&#8221; background_color=&#8221;#FFFFFF&#8221; custom_padding=&#8221;20px|20px|20px|20px|false|false&#8221; global_colors_info=&#8221;{}&#8221;][et_pb_column type=&#8221;4_4&#8243; _builder_version=&#8221;4.27.3&#8243; _module_preset=&#8221;default&#8221; global_colors_info=&#8221;{}&#8221;][et_pb_text _builder_version=&#8221;4.27.4&#8243; _module_preset=&#8221;default&#8221; text_font=&#8221;&#8211;et_global_body_font||||||||&#8221; text_text_color=&#8221;#FFFFFF&#8221; text_font_size=&#8221;25px&#8221; text_letter_spacing=&#8221;1px&#8221; text_orientation=&#8221;justified&#8221; global_colors_info=&#8221;{}&#8221;]<\/p>\n<p style=\"text-align: center;\"><span style=\"color: #f37111;\"><strong><a href=\"https:\/\/ciaotable.org\/guida-ai-luoghi-amichevoli\/\" style=\"color: #000080;\">I locali amichevoli<\/a><\/strong><\/span><\/p>\n<p><span style=\"color: #000080;\">L\u2019idea di promuovere lo scambio sociale nei luoghi pubblici nacque durante una conversazione tra una dirigente di banca (<a href=\"https:\/\/www.linkedin.com\/in\/costanza-berghinz-ab72aa28\/?originalSubdomain=ch\" style=\"color: #000080;\">Costanza Berghinz<\/a>) e una psicoterapeuta (<a href=\"https:\/\/www.psicologi-ticino.ch\/membro\/!\/i\/458\" style=\"color: #000080;\">Piera Serra<\/a>), nel Settembre 2017. La dirigente riferiva come durante la pausa pranzo osservasse le persone nei ristoranti consumare il proprio pranzo in silenzio: forse alcune di loro avrebbero gradito lo scambio di un saluto o di una parola con le persone vicine. Forse i ristoranti avrebbero potuto diventare hub di connessioni sociali.<\/span><\/p>\n<p><span style=\"color: #000080;\">La psicoterapeuta fu molto colpita dall\u2019idea che ogni locale pubblico potesse offrire scambi sociali.<\/span><\/p>\n<p><span style=\"color: #000080;\">Venne subito coinvolta l\u2019associazione no-profit di Lugano <em>Psychology and Psychotherapy Research Society,<\/em> che condusse uno studio sugli atteggiamenti nei confronti della condivisione dei tavoli in Ticino (interviste, focus group, un questionario online, test sui tavoli condivisi esistenti).<\/span><\/p>\n<p><span style=\"color: #000080;\">Ristoranti \u201cstorici\u201d di Lugano come Olimpia di piazza Riforma, Pestalozzi di piazza Indipendenza, Oops Bar e Birreria Al Forte, accettarono prontamente di offrire tavoli\u00a0<span style=\"color: #f37111;\"><strong><em>Ciao Table<\/em><\/strong><\/span>, adottando il nostro centrotavola:<\/span><\/p>\n<p><span style=\"color: #000080;\"><img loading=\"lazy\" decoding=\"async\" src=\"https:\/\/ciaotable.org\/wp-content\/uploads\/2024\/10\/Progetti_elaborati_1-233x300.jpg\" width=\"233\" height=\"300\" alt=\"\" class=\"wp-image-859 alignnone size-medium\" style=\"display: block; margin-left: auto; margin-right: auto;\" \/><\/span><\/p>\n<p><span style=\"color: #000080;\">Alcuni studenti di Informatica dell\u2019Universit\u00e0 della Svizzera Italiana costruirono gratuitamente un sito web. Anche diversi professionisti come designer, project manager, event promoter prestarono gratuitamente la propria opera. Altre associazioni no profit collaborarono alla promozione. Nel giro di poche settimane, anche la Citt\u00e0 di Lugano diede il suo sostegno.<\/span><\/p>\n<p><span style=\"color: #000080;\">Dopo qualche tempo l\u2019iniziativa fu ammessa al programma Google Ad Grants per il no profit.<\/span><\/p>\n<p><span style=\"color: #000080;\">L\u2019apertura ai contatti, tuttavia, non sempre avviene con immediatezza, soprattutto durante i pasti: le persone devono superare barriere mentali basate anche sulla tendenza ancestrale a conservare e a consumare il cibo solo nella ristretta cerchia di parenti o appartenenti al proprio clan (tendenza associata a necessit\u00e0 connesse alla sopravvivenza, ovviamente ormai superate da secoli). Inoltre, un ostacolo alla ricerca di scambi sociali \u00e8 lo stigma della solitudine, la vergogna irrazionalmente associata alla ricerca di compagnia.<\/span><\/p>\n<p><span style=\"color: #000080;\">Pertanto, nel Maggio 2019 abbiamo creato un nuovo progetto: la ricerca attiva di locali, club, associazioni, parchi\u00a0in cui sia possibile fare esperienza di convivialit\u00e0.<\/span><\/p>\n<p><span style=\"color: #000080;\">Come \u201cesperienza di convivialit\u00e0\u201d intendiamo una conversazione, un\u2019attivit\u00e0 condivisa o anche solo un saluto che abbia generato una sensazione positiva.<\/span><\/p>\n<p><span style=\"color: #000080;\">Per costruire la mappa dei locali amichevoli abbiamo avuto la collaborazione di tante persone che ci hanno segnalato locali in cui avevano vissuto un\u2019esperienza gradevole di scambio sociale con persone anche mai prima incontrate.<\/span><\/p>\n<p style=\"text-align: center;\"><span style=\"color: #000080;\"><strong>#Ancheoltre<\/strong><\/span><\/p>\n<p><span style=\"color: #000080;\">Nella primavera del 2020, essendo la popolazione impegnata nella lotta contro il nuovo coronavirus attraverso misure di distanziamento sociale, sospendemmo la campagna per la ricerca dei locali amichevoli e avviammo la nuova campagna #ancheoltre.<\/span><\/p>\n<p><span style=\"color: #000080;\">#ancheoltre partiva dall\u2019osservazione che molte associazioni culturali si erano riorganizzate per mantenere diverse attivit\u00e0 con le persone associate sfruttando applicazioni internet per lo pi\u00f9 gratuite: tornei di bridge o di scacchi, caff\u00e8 letterari, aperitivi, conferenze ecc.<\/span><\/p>\n<p><span style=\"color: #000080;\">Si trattava di attivit\u00e0 che volentieri potevano essere\u00a0 offerte anche a chi non faceva ancora parte dell\u2019associazione.<\/span><\/p>\n<p><span style=\"color: #000080;\">La persona che era interessata poteva quindi, nonostante l\u2019isolamento, avere l\u2019opportunit\u00e0 di creare nuove relazioni online che avrebbe potuto coltivare di persona quando sarebbe stato possibile.<\/span><\/p>\n<p><span style=\"color: #000080;\">Si intendeva cos\u00ec rispondere alle esigenze delle persone che, nonostante la durezza del momento, intendevano distrarsi mantenendo dinamiche le proprie capacit\u00e0 intellettive e curando nel contempo la propria rete relazionale.<\/span><\/p>\n<p style=\"text-align: justify;\"><span style=\"color: #000080;\">Passate le restrizioni della pandemia, <span style=\"color: #f37111;\"><strong><em>Ciao Table<\/em><\/strong><\/span> ha deciso di sostenere con una Porte Aperte annuale queste associazioni che, non svolgendo attivit\u00e0 commerciale, sono quasi sempre prive di un budget per la propria promozione. Vedi:<\/span><\/p>\n<p><span style=\"color: #000080;\"><a href=\"https:\/\/ciaotable.org\/proposte-per-il-tempo-libero\/\" style=\"color: #000080;\">Porte Aperte delle associazioni che offrono attivit\u00e0 culturali e del tempo libero condotte da persone volontarie.<\/a><\/span><\/p>\n<p style=\"text-align: center;\"><span style=\"color: #000080;\"><a href=\"https:\/\/ciaotable.org\/eventi-scientifici\/\" style=\"color: #000080;\"><strong>Eventi scientifici\u00a0<\/strong><\/a><\/span><\/p>\n<p><span style=\"color: #000080;\">Parallelamente alle attivit\u00e0 culturali, <span style=\"color: #f37111;\"><strong><em>Ciao Table<\/em><\/strong><\/span> ha promosso\u00a0 eventi scientifici<em>.<\/em><\/span><\/p>\n<p><span style=\"color: #000080;\"><strong><em><span style=\"color: #f37111;\">Ciao Table<\/span><\/em><\/strong>\u00a0organizza seminari e convegni scientifici concernente temi scarsamente investigati dalla ricerca scientifica.<\/span><\/p>\n<p><span style=\"color: #000080;\">Nel 2019 il tema \u00e8 stato quali fattori favoriscano gli scambi sociali spontanei (es. tra sconosciuti alla fermata del bus). Essenziale \u00e8 stata la collaborazione di docenti dell\u2019Universit\u00e0 della Svizzera italiana.<\/span><\/p>\n<p><span style=\"color: #000080;\">Nel 2020 , sempre in collaborazione con l\u2019Universit\u00e0 della Svizzera italiana, ci siamo focalizzati su \u201cNuove Prospettive della Ricerca su Scambi Sociali e Solitudine\u201d.<\/span><\/p>\n<p><span style=\"color: #000080;\">Nel 2022 il tema \u00e8 stato il ruolo delle persone parenti e amiche di chi agisce o subisce violenze nel contrastare le violenze; questo convegno \u00e8 stato promosso in partenariato con Universit\u00e0 della Svizzera italiana, Objectif D\u00e9sistance e l\u2019associazione Giustizia Riparativa.<\/span><\/p>\n<p><span style=\"color: #000080;\">Il prossimo convegno sar\u00e0 sullo stigma associato alla condizione di solitudine. Clicca qui [ link alla newsletter ]se vuoi essere informato su questo evento.<\/span><\/p>\n<p><span style=\"color: #000080;\"><a href=\"https:\/\/ciaotable.org\/social-research-prize\/\" style=\"color: #000080;\"><em>Social Research Prize<\/em><\/a> premio internazionale biennale istituito a partire dal 2020.<\/span><\/p>\n<p style=\"text-align: center;\"><span style=\"color: #000080;\"><a href=\"https:\/\/ciaotable.org\/resilienza\/\" style=\"color: #000080;\"><strong>Essere resilienti nelle relazioni<\/strong><\/a><\/span><\/p>\n<p><span style=\"color: #000080;\"><span style=\"color: #f37111;\"><strong><em>Ciao Table<\/em><\/strong><\/span>\u00a0ha voluto rivolgersi alle persone dell\u2019entourage di chi subisce o agisce violenza che desiderino far qualcosa per fermare l\u2019aggressione per offrire loro una consulenza psico-giuridica in un contesto \u201cculturale\u201d, cio\u00e8 n\u00e8 sanitario n\u00e8 giudiziario. Questo progetto \u00e8 stato elaborato nel 2021 e discusso nel Gennaio 2022 con l\u2019associazione Giustizia Riparativa (Bruno Balestra), con Luisella Demartini-Foglia e Marlene Masino dell\u2019Ufficio dell\u2019assistenza riabilitativa e con le docenti Anna Maria Astrologo e Sara Greco dell\u2019Universit\u00e0 della Svizzera italiana e presentato nel corso convegno <a href=\"https:\/\/ciaotable.org\/convegno-scientifico-2022\/\" style=\"color: #000080;\">&#8220;La violenza che non guardiamo&#8221; (8 Ottobre 2022)<\/a>\u00a0.<\/span><\/p>\n<p><span style=\"color: #000080;\">\u00a0<\/span><\/p>\n<p><span style=\"color: #000080;\">\u00a0<\/span><\/p>\n<p>[\/et_pb_text][\/et_pb_column][\/et_pb_row][\/et_pb_section][et_pb_section fb_built=&#8221;1&#8243; _builder_version=&#8221;4.27.0&#8243; _module_preset=&#8221;default&#8221; background_color=&#8221;#f37111&#8243; min_height=&#8221;50px&#8221; height=&#8221;50px&#8221; custom_padding=&#8221;||0px|||&#8221; da_disable_devices=&#8221;off|off|off&#8221; global_colors_info=&#8221;{}&#8221; da_is_popup=&#8221;off&#8221; da_exit_intent=&#8221;off&#8221; da_has_close=&#8221;on&#8221; da_alt_close=&#8221;off&#8221; da_dark_close=&#8221;off&#8221; da_not_modal=&#8221;on&#8221; da_is_singular=&#8221;off&#8221; da_with_loader=&#8221;off&#8221; da_has_shadow=&#8221;on&#8221;][\/et_pb_section]<\/p>\n","protected":false},"excerpt":{"rendered":"<p>Progetti ElaboratiI locali amichevoli L\u2019idea di promuovere lo scambio sociale nei luoghi pubblici nacque durante una conversazione tra una dirigente di banca (Costanza Berghinz) e una psicoterapeuta (Piera Serra), nel Settembre 2017. La dirigente riferiva come durante la pausa pranzo osservasse le persone nei ristoranti consumare il proprio pranzo in silenzio: forse alcune di loro [&hellip;]<\/p>\n","protected":false},"author":2,"featured_media":0,"parent":0,"menu_order":0,"comment_status":"closed","ping_status":"closed","template":"","meta":{"_acf_changed":false,"_et_pb_use_builder":"on","_et_pb_old_content":"","_et_gb_content_width":"","footnotes":""},"class_list":["post-1125","page","type-page","status-publish","hentry"],"acf":[],"_links":{"self":[{"href":"https:\/\/ciaotable.org\/fr\/wp-json\/wp\/v2\/pages\/1125","targetHints":{"allow":["GET"]}}],"collection":[{"href":"https:\/\/ciaotable.org\/fr\/wp-json\/wp\/v2\/pages"}],"about":[{"href":"https:\/\/ciaotable.org\/fr\/wp-json\/wp\/v2\/types\/page"}],"author":[{"embeddable":true,"href":"https:\/\/ciaotable.org\/fr\/wp-json\/wp\/v2\/users\/2"}],"replies":[{"embeddable":true,"href":"https:\/\/ciaotable.org\/fr\/wp-json\/wp\/v2\/comments?post=1125"}],"version-history":[{"count":21,"href":"https:\/\/ciaotable.org\/fr\/wp-json\/wp\/v2\/pages\/1125\/revisions"}],"predecessor-version":[{"id":2249,"href":"https:\/\/ciaotable.org\/fr\/wp-json\/wp\/v2\/pages\/1125\/revisions\/2249"}],"wp:attachment":[{"href":"https:\/\/ciaotable.org\/fr\/wp-json\/wp\/v2\/media?parent=1125"}],"curies":[{"name":"wp","href":"https:\/\/api.w.org\/{rel}","templated":true}]}}