{"id":1597,"date":"2025-03-17T11:23:47","date_gmt":"2025-03-17T11:23:47","guid":{"rendered":"https:\/\/ciaotable.org\/dichiarazione-sulla-privacy-br\/"},"modified":"2025-03-17T11:23:47","modified_gmt":"2025-03-17T11:23:47","slug":"dichiarazione-sulla-privacy-br","status":"publish","type":"page","link":"https:\/\/ciaotable.org\/fr\/dichiarazione-sulla-privacy-br\/","title":{"rendered":"D\u00e9claration de confidentialit\u00e9 (BR)"},"content":{"rendered":"<!-- Legal document generated by Complianz | GDPR\/CCPA Cookie Consent https:\/\/wordpress.org\/plugins\/complianz-gdpr -->\n<div id=\"cmplz-document\" class=\"cmplz-document privacy-statement cmplz-document-br\"><p><i>This privacy statement was last updated on 3 ao\u00fbt 2025 and applies to citizens and legal permanent residents of Brazil.<\/i><br \/><br \/><\/p><p>Dans cette d\u00e9claration de confidentialit\u00e9, nous expliquons ce que nous faisons des donn\u00e9es que nous obtenons \u00e0 votre sujet par l'interm\u00e9diaire de <a href=\"https:\/\/ciaotable.org\/fr\">https:\/\/ciaotable.org\/fr<\/a>. Nous vous recommandons de lire attentivement cette d\u00e9claration. Dans le cadre de notre traitement, nous respectons les exigences de la l\u00e9gislation relative \u00e0 la protection de la vie priv\u00e9e. Cela signifie, entre autres, que :<\/p><ul>\n                <li>nous indiquons clairement les raisons pour lesquelles nous traitons les donn\u00e9es \u00e0 caract\u00e8re personnel. Nous le faisons par le biais de cette d\u00e9claration de confidentialit\u00e9 ;<\/li>\n                <li>nous nous effor\u00e7ons de limiter notre collecte de donn\u00e9es personnelles aux seules donn\u00e9es personnelles n\u00e9cessaires \u00e0 des fins l\u00e9gitimes ;<\/li>\n                <li>nous demandons d'abord votre consentement explicite pour traiter vos donn\u00e9es \u00e0 caract\u00e8re personnel dans les cas n\u00e9cessitant votre consentement ;<\/li>\n                <li>nous prenons des mesures de s\u00e9curit\u00e9 appropri\u00e9es pour prot\u00e9ger vos donn\u00e9es \u00e0 caract\u00e8re personnel et nous l'exigeons \u00e9galement des parties qui traitent des donn\u00e9es \u00e0 caract\u00e8re personnel en notre nom ;<\/li>\n                <li>nous respectons votre droit d'acc\u00e9der \u00e0 vos donn\u00e9es personnelles ou de les faire corriger ou supprimer, \u00e0 votre demande.<\/li>\n            <\/ul><p>Si vous avez des questions ou si vous voulez savoir exactement quelles donn\u00e9es nous conservons \u00e0 votre sujet, veuillez nous contacter.<\/p><h2>1. Finalit\u00e9, donn\u00e9es et dur\u00e9e de conservation<\/h2>Nous pouvons collecter ou recevoir des informations personnelles pour un certain nombre de raisons li\u00e9es \u00e0 nos activit\u00e9s commerciales, notamment les suivantes : (cliquez pour agrandir)<details class=\"cmplz-dropdown dropdown-privacy-statement\"><summary><div><h3>1.1 Contact - Par t\u00e9l\u00e9phone, courrier, courriel et\/ou formulaires web<\/h3><\/div><\/summary><p class=\"cmplz-subtitle\">\u00c0 cette fin, nous utilisons les donn\u00e9es suivantes :<\/p><p><ul><li>Un nom et un pr\u00e9nom<\/li><li>Une adresse \u00e9lectronique<\/li><li>Un num\u00e9ro de t\u00e9l\u00e9phone<\/li><li>les informations relatives \u00e0 l'activit\u00e9 sur Internet, y compris, mais sans s'y limiter, l'historique de navigation, l'historique de recherche et les informations relatives \u00e0 l'interaction d'un consommateur avec un site Web, une application ou une publicit\u00e9 sur Internet<\/li><li>Donn\u00e9es de g\u00e9olocalisation<\/li><\/ul><\/p><p class=\"cmplz-subtitle\">La base sur laquelle nous pouvons traiter ces donn\u00e9es est la suivante :<\/p><p><a target=\"_blank\" rel=\"noopener noreferrer nofollow\" href=\"https:\/\/cookiedatabase.org\/legal-bases\/#consent\">Apr\u00e8s avoir obtenu le consentement de l'int\u00e9ress\u00e9.<\/a><\/p><p class=\"cmplz-subtitle\">P\u00e9riode de conservation<\/p><p>Nous conservons ces donn\u00e9es jusqu'\u00e0 la fin du service.<\/p><\/details><details class=\"cmplz-dropdown dropdown-privacy-statement\"><summary><div><h3>1.2 Paiements<\/h3><\/div><\/summary><p class=\"cmplz-subtitle\">\u00c0 cette fin, nous utilisons les donn\u00e9es suivantes :<\/p><p><ul><li>Un nom et un pr\u00e9nom<\/li><li>Une adresse \u00e9lectronique<\/li><li>Un num\u00e9ro de t\u00e9l\u00e9phone<\/li><\/ul><\/p><p class=\"cmplz-subtitle\">La base sur laquelle nous pouvons traiter ces donn\u00e9es est la suivante :<\/p><p><a target=\"_blank\" rel=\"noopener noreferrer nofollow\" href=\"https:\/\/cookiedatabase.org\/legal-bases\/#consent\">Apr\u00e8s avoir obtenu le consentement de l'int\u00e9ress\u00e9.<\/a><\/p><p class=\"cmplz-subtitle\">P\u00e9riode de conservation<\/p><p>Nous conservons ces donn\u00e9es jusqu'\u00e0 la fin du service.<\/p><\/details><details class=\"cmplz-dropdown dropdown-privacy-statement\"><summary><div><h3>1.3 Bulletins d'information<\/h3><\/div><\/summary><p class=\"cmplz-subtitle\">\u00c0 cette fin, nous utilisons les donn\u00e9es suivantes :<\/p><p><ul><li>Un nom et un pr\u00e9nom<\/li><li>Une adresse \u00e9lectronique<\/li><\/ul><\/p><p class=\"cmplz-subtitle\">La base sur laquelle nous pouvons traiter ces donn\u00e9es est la suivante :<\/p><p><a target=\"_blank\" rel=\"noopener noreferrer nofollow\" href=\"https:\/\/cookiedatabase.org\/legal-bases\/#consent\">Apr\u00e8s avoir obtenu le consentement de l'int\u00e9ress\u00e9.<\/a><\/p><p class=\"cmplz-subtitle\">P\u00e9riode de conservation<\/p><p>Nous conservons ces donn\u00e9es jusqu'\u00e0 la fin du service.<\/p><\/details><details class=\"cmplz-dropdown dropdown-privacy-statement\"><summary><div><h3>1.4 Pour \u00eatre en mesure de respecter les obligations l\u00e9gales<\/h3><\/div><\/summary><p class=\"cmplz-subtitle\">\u00c0 cette fin, nous utilisons les donn\u00e9es suivantes :<\/p><p><ul><li>Un nom et un pr\u00e9nom<\/li><li>Une adresse \u00e9lectronique<\/li><li>Adresse du domicile ou autre adresse physique, y compris le nom de la rue et le nom de la ville.<\/li><\/ul><\/p><p class=\"cmplz-subtitle\">La base sur laquelle nous pouvons traiter ces donn\u00e9es est la suivante :<\/p><p><a target=\"_blank\" rel=\"noopener noreferrer nofollow\" href=\"https:\/\/cookiedatabase.org\/legal-bases\/#consent\">Apr\u00e8s avoir obtenu le consentement de l'int\u00e9ress\u00e9.<\/a><\/p><p class=\"cmplz-subtitle\">P\u00e9riode de conservation<\/p><p>Nous conservons ces donn\u00e9es jusqu'\u00e0 la fin du service.<\/p><\/details><details class=\"cmplz-dropdown dropdown-privacy-statement\"><summary><div><h3>1.5 Compilation et analyse de statistiques pour l'am\u00e9lioration du site web.<\/h3><\/div><\/summary><p class=\"cmplz-subtitle\">\u00c0 cette fin, nous utilisons les donn\u00e9es suivantes :<\/p><p><ul><li>les informations relatives \u00e0 l'activit\u00e9 sur Internet, y compris, mais sans s'y limiter, l'historique de navigation, l'historique de recherche et les informations relatives \u00e0 l'interaction d'un consommateur avec un site Web, une application ou une publicit\u00e9 sur Internet<\/li><li>Donn\u00e9es de g\u00e9olocalisation<\/li><\/ul><\/p><p class=\"cmplz-subtitle\">La base sur laquelle nous pouvons traiter ces donn\u00e9es est la suivante :<\/p><p><a target=\"_blank\" rel=\"noopener noreferrer nofollow\" href=\"https:\/\/cookiedatabase.org\/legal-bases\/#consent\">Apr\u00e8s avoir obtenu le consentement de l'int\u00e9ress\u00e9.<\/a><\/p><p class=\"cmplz-subtitle\">P\u00e9riode de conservation<\/p><p>Nous conservons ces donn\u00e9es jusqu'\u00e0 la fin du service.<\/p><\/details><details class=\"cmplz-dropdown dropdown-privacy-statement\"><summary><div><h3>1.6 Livraisons<\/h3><\/div><\/summary><p class=\"cmplz-subtitle\">\u00c0 cette fin, nous utilisons les donn\u00e9es suivantes :<\/p><p><ul><li>Un nom et un pr\u00e9nom<\/li><li>Une adresse \u00e9lectronique<\/li><li>Un num\u00e9ro de t\u00e9l\u00e9phone<\/li><li>Adresse du domicile ou autre adresse physique, y compris le nom de la rue et le nom de la ville.<\/li><\/ul><\/p><p class=\"cmplz-subtitle\">La base sur laquelle nous pouvons traiter ces donn\u00e9es est la suivante :<\/p><p><a target=\"_blank\" rel=\"noopener noreferrer nofollow\" href=\"https:\/\/cookiedatabase.org\/legal-bases\/#consent\">Apr\u00e8s avoir obtenu le consentement de l'int\u00e9ress\u00e9.<\/a><\/p><p class=\"cmplz-subtitle\">P\u00e9riode de conservation<\/p><p>Nous conservons ces donn\u00e9es jusqu'\u00e0 la fin du service.<\/p><\/details><h2>2. What if you don&#039;t provide us with your personal information?<\/h2><p>If you don&#8217;t provide us with your personal information, we may not be able to provide you with the information, products or assistance that you are seeking.<\/p><h2>3. Cookies<\/h2><p>Notre site web utilise des cookies. Pour plus d'informations sur les cookies, veuillez vous r\u00e9f\u00e9rer \u00e0 notre site web. <a href=\"https:\/\/ciaotable.org\/fr\/cookie-policy-br\/\">Politique en mati\u00e8re de cookies<\/a>.&nbsp;<\/p><h2>4. Disclosure practices<\/h2><p><p>Nous divulguons des informations personnelles si nous sommes tenus par la loi ou par une d\u00e9cision de justice, en r\u00e9ponse \u00e0 un organisme charg\u00e9 de l'application de la loi, dans la mesure permise par d'autres dispositions l\u00e9gales, pour fournir des informations ou pour une enqu\u00eate sur une question li\u00e9e \u00e0 la s\u00e9curit\u00e9 publique.<\/p><p>Si notre site web ou notre organisation est rachet\u00e9, vendu ou impliqu\u00e9 dans une fusion ou une acquisition, vos donn\u00e9es peuvent \u00eatre divulgu\u00e9es \u00e0 nos conseillers et \u00e0 tout acheteur potentiel et seront transmises aux nouveaux propri\u00e9taires.<\/p><\/p><p>Google ne peut pas utiliser les donn\u00e9es pour d'autres services Google.<\/p><h2>5. S\u00e9curit\u00e9<\/h2><p>Nous nous engageons \u00e0 assurer la s\u00e9curit\u00e9 des donn\u00e9es personnelles. Nous prenons les mesures de s\u00e9curit\u00e9 appropri\u00e9es pour limiter les abus et les acc\u00e8s non autoris\u00e9s aux donn\u00e9es personnelles. Ceci garantit que seules les personnes n\u00e9cessaires ont acc\u00e8s \u00e0 vos donn\u00e9es, que l'acc\u00e8s aux donn\u00e9es est prot\u00e9g\u00e9 et que nos mesures de s\u00e9curit\u00e9 sont r\u00e9guli\u00e8rement revues.<\/p><p>Les mesures de s\u00e9curit\u00e9 que nous utilisons sont les suivantes<\/p><p><ul><li>HTTP Strict Transport Security et les en-t\u00eates de s\u00e9curit\u00e9 associ\u00e9s, ainsi que les politiques des navigateurs<\/li><\/ul><\/p><h2>6. Sites web de tiers<\/h2><p>La pr\u00e9sente d\u00e9claration de confidentialit\u00e9 ne s'applique pas aux sites web de tiers reli\u00e9s par des liens sur notre site web. Nous ne pouvons pas garantir que ces tiers traitent vos donn\u00e9es personnelles de mani\u00e8re fiable ou s\u00e9curis\u00e9e. Nous vous recommandons de lire les d\u00e9clarations de confidentialit\u00e9 de ces sites web avant de les utiliser.<\/p><h2>7. Modifications de la pr\u00e9sente d\u00e9claration de confidentialit\u00e9<\/h2><p>Nous nous r\u00e9servons le droit de modifier la pr\u00e9sente d\u00e9claration de confidentialit\u00e9. Il est recommand\u00e9 de consulter r\u00e9guli\u00e8rement la pr\u00e9sente d\u00e9claration de confidentialit\u00e9 afin de prendre connaissance de toute modification. En outre, nous vous informerons activement dans la mesure du possible.<\/p><h2>8. Acc\u00e8s et modification de vos donn\u00e9es<\/h2><p>If you have any questions or want to know which personal data we have about you, please contact us. You can contact us by using the information below. Your rights with respect to personal data:<\/p><ul>\n                <li>confirmation of the existence of processing;<\/li>\n                <li>access to data;<\/li>\n                <li>correction of incomplete, inaccurate, or outdated data;<\/li>\n                <li>anonymization, blocking, or deletion of unnecessary, excessive, or processed data in disagreement with the provisions of the General Law for the Protection of Personal Data (LGPD);<\/li>\n                <li>portability of data to another service or product provider, upon express request, in accordance with the regulations of the national authority, observing commercial and industrial secrets;<\/li>\n                <li>deletion of personal data processed with the consent of the holder, except in the cases provided for in art. 16 of the General Law for the Protection of Personal Data (LGPD);<\/li>\n                <li>information on public and private entities with which the controller shared data;<\/li>\n                <li>information on the possibility of not providing consent and on the consequences of denial.<\/li>\n            <\/ul><p>To exercise these rights, please contact us. Please refer to the contact details at the bottom of this Privacy Statement.<\/p>\n            <p>Veillez \u00e0 toujours indiquer clairement qui vous \u00eates, afin que nous puissions \u00eatre s\u00fbrs de ne pas modifier ou supprimer les donn\u00e9es de la mauvaise personne.<\/p><h2>9. Submitting a complaint<\/h2><p>If you are not satisfied with the way in which we handle (a complaint about) the processing of your personal data, you have the right to submit a complaint to the National Data Protection Authority (ANPD):<\/p><p><br \/>Autoridade Nacional de Prote\u00e7\u00e3o de Dados\n\t\t\t\t\t\t<br \/>\n\t\t\t\t\t\t<br \/>Esplanada dos Minist\u00e9rios,\n\t\t\t\t\t\t<br \/>Bloco C,\n\t\t\t\t\t\t<br \/>2\u00ba andar,\n\t\t\t\t\t\t<br \/>CEP 70297-400 - Bras\u00edlia - DF.\n\t\t\t\t\t\t<br \/><a href=\"https:\/\/www.gov.br\/anpd\/pt-br\/canais_atendimento\/\" target=\"_blank\">Website<\/a><\/p><h2>10. Children<\/h2><p>Notre site web n'est pas con\u00e7u pour attirer les enfants et nous n'avons pas l'intention de collecter des donn\u00e9es personnelles aupr\u00e8s d'enfants n'ayant pas atteint l'\u00e2ge du consentement dans leur pays de r\u00e9sidence. Nous demandons donc aux enfants n'ayant pas atteint l'\u00e2ge de consentement de ne pas nous soumettre de donn\u00e9es personnelles.<\/p><h2>11. Contact details<\/h2><p>Piera Serra<br \/>\n        Via Massagno 32<br \/>\n        Suisse<br \/>\n        Site web : <a href=\"https:\/\/ciaotable.org\/fr\">https:\/\/ciaotable.org\/fr<\/a> <br \/>\n        Courriel : <span class=\"cmplz-obfuscate\">info@<span class=\"cmplz-fmail-domain\">ex.co&#109;<\/span>ci&#097;&#111;&#116;&#097;&#098;&#108;&#101;.org<\/span> <br \/>\n        Num\u00e9ro de t\u00e9l\u00e9phone : 0041919210985<\/p><\/div>","protected":false},"excerpt":{"rendered":"","protected":false},"author":2,"featured_media":0,"parent":0,"menu_order":0,"comment_status":"closed","ping_status":"closed","template":"","meta":{"_acf_changed":false,"_et_pb_use_builder":"","_et_pb_old_content":"","_et_gb_content_width":"","footnotes":""},"class_list":["post-1597","page","type-page","status-publish","hentry"],"acf":[],"_links":{"self":[{"href":"https:\/\/ciaotable.org\/fr\/wp-json\/wp\/v2\/pages\/1597","targetHints":{"allow":["GET"]}}],"collection":[{"href":"https:\/\/ciaotable.org\/fr\/wp-json\/wp\/v2\/pages"}],"about":[{"href":"https:\/\/ciaotable.org\/fr\/wp-json\/wp\/v2\/types\/page"}],"author":[{"embeddable":true,"href":"https:\/\/ciaotable.org\/fr\/wp-json\/wp\/v2\/users\/2"}],"replies":[{"embeddable":true,"href":"https:\/\/ciaotable.org\/fr\/wp-json\/wp\/v2\/comments?post=1597"}],"version-history":[{"count":0,"href":"https:\/\/ciaotable.org\/fr\/wp-json\/wp\/v2\/pages\/1597\/revisions"}],"wp:attachment":[{"href":"https:\/\/ciaotable.org\/fr\/wp-json\/wp\/v2\/media?parent=1597"}],"curies":[{"name":"wp","href":"https:\/\/api.w.org\/{rel}","templated":true}]}}