{"id":1598,"date":"2025-03-17T11:23:47","date_gmt":"2025-03-17T11:23:47","guid":{"rendered":"https:\/\/ciaotable.org\/imprint\/"},"modified":"2025-03-17T11:23:47","modified_gmt":"2025-03-17T11:23:47","slug":"imprint","status":"publish","type":"page","link":"https:\/\/ciaotable.org\/fr\/imprint\/","title":{"rendered":"Impression"},"content":{"rendered":"<!-- Legal document generated by Complianz | GDPR\/CCPA Cookie Consent https:\/\/wordpress.org\/plugins\/complianz-gdpr -->\n<div id=\"cmplz-document\" class=\"cmplz-document impressum cmplz-document-all\"><p><i>This imprint was last updated on 3 ao\u00fbt 2025.<\/i><\/p><p class=\"cmplz-subtitle\">Le propri\u00e9taire de ce site web est :<\/p><p>Piera Serra <br>Via Massagno 32<br>Suisse<br>Courriel :&nbsp;<span class=\"cmplz-obfuscate\">info@<span class=\"cmplz-fmail-domain\">ex.com<\/span>&#099;i&#097;ota&#098;&#108;&#101;&#046;&#111;&#114;g<\/span><br>Num\u00e9ro de t\u00e9l\u00e9phone : 0041919210985<br><\/p><h2>1. G\u00e9n\u00e9ralit\u00e9s<\/h2><p class=\"cmplz-subtitle\">1.1 La profession ou les activit\u00e9s pr\u00e9sent\u00e9es sur ce site Internet requi\u00e8rent un certain dipl\u00f4me, comme indiqu\u00e9 ici :<\/p><p>Psychologue, ce dipl\u00f4me ou titre de fonction a \u00e9t\u00e9 d\u00e9livr\u00e9 en Suisse.<\/p><p class=\"cmplz-subtitle\">1.2 Les r\u00e8gles professionnelles suivantes s'appliquent \u00e0 notre organisation :<\/p><p>https:\/\/atp.psychologie.ch\/it<\/p><p>Vous pouvez acc\u00e9der \u00e0 ces r\u00e8gles et r\u00e8glements ici :<br \/>https:\/\/atp.psychologie.ch\/it<\/p><p>Nous ne sommes pas dispos\u00e9s ou oblig\u00e9s de participer \u00e0 des proc\u00e9dures de r\u00e9solution des litiges devant une commission d'arbitrage des consommateurs.<\/p><\/div>","protected":false},"excerpt":{"rendered":"","protected":false},"author":2,"featured_media":0,"parent":0,"menu_order":0,"comment_status":"closed","ping_status":"closed","template":"","meta":{"_acf_changed":false,"_et_pb_use_builder":"","_et_pb_old_content":"","_et_gb_content_width":"","footnotes":""},"class_list":["post-1598","page","type-page","status-publish","hentry"],"acf":[],"_links":{"self":[{"href":"https:\/\/ciaotable.org\/fr\/wp-json\/wp\/v2\/pages\/1598","targetHints":{"allow":["GET"]}}],"collection":[{"href":"https:\/\/ciaotable.org\/fr\/wp-json\/wp\/v2\/pages"}],"about":[{"href":"https:\/\/ciaotable.org\/fr\/wp-json\/wp\/v2\/types\/page"}],"author":[{"embeddable":true,"href":"https:\/\/ciaotable.org\/fr\/wp-json\/wp\/v2\/users\/2"}],"replies":[{"embeddable":true,"href":"https:\/\/ciaotable.org\/fr\/wp-json\/wp\/v2\/comments?post=1598"}],"version-history":[{"count":0,"href":"https:\/\/ciaotable.org\/fr\/wp-json\/wp\/v2\/pages\/1598\/revisions"}],"wp:attachment":[{"href":"https:\/\/ciaotable.org\/fr\/wp-json\/wp\/v2\/media?parent=1598"}],"curies":[{"name":"wp","href":"https:\/\/api.w.org\/{rel}","templated":true}]}}